{"id":919,"date":"2025-02-24T19:45:10","date_gmt":"2025-02-24T19:45:10","guid":{"rendered":"https:\/\/trocamed.com.br\/?page_id=919"},"modified":"2025-02-25T22:35:23","modified_gmt":"2025-02-25T22:35:23","slug":"home","status":"publish","type":"page","link":"https:\/\/trocamed.com.br\/en\/","title":{"rendered":"Home"},"content":{"rendered":"","protected":false},"excerpt":{"rendered":"","protected":false},"author":1,"featured_media":947,"parent":0,"menu_order":0,"comment_status":"closed","ping_status":"closed","template":"","meta":{"inline_featured_image":false,"footnotes":""},"class_list":["post-919","page","type-page","status-publish","has-post-thumbnail","hentry"],"yoast_head":"<!-- This site is optimized with the Yoast SEO plugin v27.3 - https:\/\/yoast.com\/product\/yoast-seo-wordpress\/ -->\n<title>Trocamed<\/title>\n<meta name=\"description\" content=\"O TrocaMed \u00e9 uma plataforma que automatiza a busca ativa por medicamentos e materiais m\u00e9dicos entre institui\u00e7\u00f5es.\" \/>\n<meta name=\"robots\" content=\"index, follow, max-snippet:-1, max-image-preview:large, max-video-preview:-1\" \/>\n<link rel=\"canonical\" href=\"https:\/\/trocamed.com.br\/en\/\" \/>\n<meta property=\"og:locale\" content=\"en_US\" \/>\n<meta property=\"og:type\" content=\"article\" \/>\n<meta property=\"og:title\" content=\"Trocamed\" \/>\n<meta property=\"og:description\" content=\"O TrocaMed \u00e9 uma plataforma que automatiza a busca ativa por medicamentos e materiais m\u00e9dicos entre institui\u00e7\u00f5es.\" \/>\n<meta property=\"og:url\" content=\"https:\/\/trocamed.com.br\/en\/\" \/>\n<meta property=\"og:site_name\" content=\"Trocamed\" \/>\n<meta property=\"article:modified_time\" content=\"2025-02-25T22:35:23+00:00\" \/>\n<meta property=\"og:image\" content=\"https:\/\/trocamed.com.br\/wp-content\/uploads\/trocamed-bg-capa-1.png\" \/>\n\t<meta property=\"og:image:width\" content=\"1548\" \/>\n\t<meta property=\"og:image:height\" content=\"1194\" \/>\n\t<meta property=\"og:image:type\" content=\"image\/png\" \/>\n<meta name=\"twitter:card\" content=\"summary_large_image\" \/>\n<meta name=\"twitter:label1\" content=\"Est. reading time\" \/>\n\t<meta name=\"twitter:data1\" content=\"5 minutes\" \/>\n<script type=\"application\/ld+json\" class=\"yoast-schema-graph\">{\"@context\":\"https:\\\/\\\/schema.org\",\"@graph\":[{\"@type\":\"WebPage\",\"@id\":\"https:\\\/\\\/trocamed.com.br\\\/\",\"url\":\"https:\\\/\\\/trocamed.com.br\\\/\",\"name\":\"Trocamed\",\"isPartOf\":{\"@id\":\"https:\\\/\\\/trocamed.com.br\\\/#website\"},\"primaryImageOfPage\":{\"@id\":\"https:\\\/\\\/trocamed.com.br\\\/#primaryimage\"},\"image\":{\"@id\":\"https:\\\/\\\/trocamed.com.br\\\/#primaryimage\"},\"thumbnailUrl\":\"https:\\\/\\\/trocamed.com.br\\\/wp-content\\\/uploads\\\/trocamed-bg-capa-1.png\",\"datePublished\":\"2025-02-24T19:45:10+00:00\",\"dateModified\":\"2025-02-25T22:35:23+00:00\",\"description\":\"O TrocaMed \u00e9 uma plataforma que automatiza a busca ativa por medicamentos e materiais m\u00e9dicos entre institui\u00e7\u00f5es.\",\"breadcrumb\":{\"@id\":\"https:\\\/\\\/trocamed.com.br\\\/#breadcrumb\"},\"inLanguage\":\"en-US\",\"potentialAction\":[{\"@type\":\"ReadAction\",\"target\":[\"https:\\\/\\\/trocamed.com.br\\\/\"]}]},{\"@type\":\"ImageObject\",\"inLanguage\":\"en-US\",\"@id\":\"https:\\\/\\\/trocamed.com.br\\\/#primaryimage\",\"url\":\"https:\\\/\\\/trocamed.com.br\\\/wp-content\\\/uploads\\\/trocamed-bg-capa-1.png\",\"contentUrl\":\"https:\\\/\\\/trocamed.com.br\\\/wp-content\\\/uploads\\\/trocamed-bg-capa-1.png\",\"width\":1548,\"height\":1194},{\"@type\":\"BreadcrumbList\",\"@id\":\"https:\\\/\\\/trocamed.com.br\\\/#breadcrumb\",\"itemListElement\":[{\"@type\":\"ListItem\",\"position\":1,\"name\":\"In\u00edcio\",\"item\":\"https:\\\/\\\/trocamed.com.br\\\/\"},{\"@type\":\"ListItem\",\"position\":2,\"name\":\"Home\"}]},{\"@type\":\"WebSite\",\"@id\":\"https:\\\/\\\/trocamed.com.br\\\/#website\",\"url\":\"https:\\\/\\\/trocamed.com.br\\\/\",\"name\":\"Trocamed\",\"description\":\"Gest\u00e3o de empr\u00e9stimos de medicamentos e materiais m\u00e9dicos sem dor de cabe\u00e7a\",\"publisher\":{\"@id\":\"https:\\\/\\\/trocamed.com.br\\\/#organization\"},\"potentialAction\":[{\"@type\":\"SearchAction\",\"target\":{\"@type\":\"EntryPoint\",\"urlTemplate\":\"https:\\\/\\\/trocamed.com.br\\\/?s={search_term_string}\"},\"query-input\":{\"@type\":\"PropertyValueSpecification\",\"valueRequired\":true,\"valueName\":\"search_term_string\"}}],\"inLanguage\":\"en-US\"},{\"@type\":\"Organization\",\"@id\":\"https:\\\/\\\/trocamed.com.br\\\/#organization\",\"name\":\"Trocamed\",\"url\":\"https:\\\/\\\/trocamed.com.br\\\/\",\"logo\":{\"@type\":\"ImageObject\",\"inLanguage\":\"en-US\",\"@id\":\"https:\\\/\\\/trocamed.com.br\\\/#\\\/schema\\\/logo\\\/image\\\/\",\"url\":\"https:\\\/\\\/trocamed.com.br\\\/wp-content\\\/uploads\\\/cropped-icon.png\",\"contentUrl\":\"https:\\\/\\\/trocamed.com.br\\\/wp-content\\\/uploads\\\/cropped-icon.png\",\"width\":512,\"height\":512,\"caption\":\"Trocamed\"},\"image\":{\"@id\":\"https:\\\/\\\/trocamed.com.br\\\/#\\\/schema\\\/logo\\\/image\\\/\"}}]}<\/script>\n<!-- \/ Yoast SEO plugin. -->","yoast_head_json":{"title":"Trocamed","description":"O TrocaMed \u00e9 uma plataforma que automatiza a busca ativa por medicamentos e materiais m\u00e9dicos entre institui\u00e7\u00f5es.","robots":{"index":"index","follow":"follow","max-snippet":"max-snippet:-1","max-image-preview":"max-image-preview:large","max-video-preview":"max-video-preview:-1"},"canonical":"https:\/\/trocamed.com.br\/en\/","og_locale":"en_US","og_type":"article","og_title":"Trocamed","og_description":"O TrocaMed \u00e9 uma plataforma que automatiza a busca ativa por medicamentos e materiais m\u00e9dicos entre institui\u00e7\u00f5es.","og_url":"https:\/\/trocamed.com.br\/en\/","og_site_name":"Trocamed","article_modified_time":"2025-02-25T22:35:23+00:00","og_image":[{"width":1548,"height":1194,"url":"https:\/\/trocamed.com.br\/wp-content\/uploads\/trocamed-bg-capa-1.png","type":"image\/png"}],"twitter_card":"summary_large_image","twitter_misc":{"Est. reading time":"5 minutes"},"schema":{"@context":"https:\/\/schema.org","@graph":[{"@type":"WebPage","@id":"https:\/\/trocamed.com.br\/","url":"https:\/\/trocamed.com.br\/","name":"Trocamed","isPartOf":{"@id":"https:\/\/trocamed.com.br\/#website"},"primaryImageOfPage":{"@id":"https:\/\/trocamed.com.br\/#primaryimage"},"image":{"@id":"https:\/\/trocamed.com.br\/#primaryimage"},"thumbnailUrl":"https:\/\/trocamed.com.br\/wp-content\/uploads\/trocamed-bg-capa-1.png","datePublished":"2025-02-24T19:45:10+00:00","dateModified":"2025-02-25T22:35:23+00:00","description":"O TrocaMed \u00e9 uma plataforma que automatiza a busca ativa por medicamentos e materiais m\u00e9dicos entre institui\u00e7\u00f5es.","breadcrumb":{"@id":"https:\/\/trocamed.com.br\/#breadcrumb"},"inLanguage":"en-US","potentialAction":[{"@type":"ReadAction","target":["https:\/\/trocamed.com.br\/"]}]},{"@type":"ImageObject","inLanguage":"en-US","@id":"https:\/\/trocamed.com.br\/#primaryimage","url":"https:\/\/trocamed.com.br\/wp-content\/uploads\/trocamed-bg-capa-1.png","contentUrl":"https:\/\/trocamed.com.br\/wp-content\/uploads\/trocamed-bg-capa-1.png","width":1548,"height":1194},{"@type":"BreadcrumbList","@id":"https:\/\/trocamed.com.br\/#breadcrumb","itemListElement":[{"@type":"ListItem","position":1,"name":"In\u00edcio","item":"https:\/\/trocamed.com.br\/"},{"@type":"ListItem","position":2,"name":"Home"}]},{"@type":"WebSite","@id":"https:\/\/trocamed.com.br\/#website","url":"https:\/\/trocamed.com.br\/","name":"Trocamed","description":"Gest\u00e3o de empr\u00e9stimos de medicamentos e materiais m\u00e9dicos sem dor de cabe\u00e7a","publisher":{"@id":"https:\/\/trocamed.com.br\/#organization"},"potentialAction":[{"@type":"SearchAction","target":{"@type":"EntryPoint","urlTemplate":"https:\/\/trocamed.com.br\/?s={search_term_string}"},"query-input":{"@type":"PropertyValueSpecification","valueRequired":true,"valueName":"search_term_string"}}],"inLanguage":"en-US"},{"@type":"Organization","@id":"https:\/\/trocamed.com.br\/#organization","name":"Trocamed","url":"https:\/\/trocamed.com.br\/","logo":{"@type":"ImageObject","inLanguage":"en-US","@id":"https:\/\/trocamed.com.br\/#\/schema\/logo\/image\/","url":"https:\/\/trocamed.com.br\/wp-content\/uploads\/cropped-icon.png","contentUrl":"https:\/\/trocamed.com.br\/wp-content\/uploads\/cropped-icon.png","width":512,"height":512,"caption":"Trocamed"},"image":{"@id":"https:\/\/trocamed.com.br\/#\/schema\/logo\/image\/"}}]}},"_links":{"self":[{"href":"https:\/\/trocamed.com.br\/en\/wp-json\/wp\/v2\/pages\/919","targetHints":{"allow":["GET"]}}],"collection":[{"href":"https:\/\/trocamed.com.br\/en\/wp-json\/wp\/v2\/pages"}],"about":[{"href":"https:\/\/trocamed.com.br\/en\/wp-json\/wp\/v2\/types\/page"}],"author":[{"embeddable":true,"href":"https:\/\/trocamed.com.br\/en\/wp-json\/wp\/v2\/users\/1"}],"replies":[{"embeddable":true,"href":"https:\/\/trocamed.com.br\/en\/wp-json\/wp\/v2\/comments?post=919"}],"version-history":[{"count":1,"href":"https:\/\/trocamed.com.br\/en\/wp-json\/wp\/v2\/pages\/919\/revisions"}],"predecessor-version":[{"id":920,"href":"https:\/\/trocamed.com.br\/en\/wp-json\/wp\/v2\/pages\/919\/revisions\/920"}],"wp:featuredmedia":[{"embeddable":true,"href":"https:\/\/trocamed.com.br\/en\/wp-json\/wp\/v2\/media\/947"}],"wp:attachment":[{"href":"https:\/\/trocamed.com.br\/en\/wp-json\/wp\/v2\/media?parent=919"}],"curies":[{"name":"wp","href":"https:\/\/api.w.org\/{rel}","templated":true}]}}